{"id":69,"date":"2022-09-28T09:01:43","date_gmt":"2022-09-28T09:01:43","guid":{"rendered":"https:\/\/sharp-pike.157-90-23-119.plesk.page\/?page_id=69"},"modified":"2025-08-13T07:42:58","modified_gmt":"2025-08-13T07:42:58","slug":"unternehmen","status":"publish","type":"page","link":"https:\/\/prowohnen-ml.de\/index.php\/unternehmen\/","title":{"rendered":"Unternehmen"},"content":{"rendered":"\t\t<div data-elementor-type=\"wp-page\" data-elementor-id=\"69\" class=\"elementor elementor-69\" data-elementor-post-type=\"page\">\n\t\t\t\t\t\t<section class=\"elementor-section elementor-top-section elementor-element elementor-element-899842b elementor-section-height-min-height elementor-section-boxed elementor-section-height-default elementor-section-items-middle\" data-id=\"899842b\" data-element_type=\"section\" data-e-type=\"section\" data-settings=\"{&quot;background_background&quot;:&quot;classic&quot;}\">\n\t\t\t\t\t\t<div class=\"elementor-container elementor-column-gap-default\">\n\t\t\t\t\t<div class=\"elementor-column elementor-col-100 elementor-top-column elementor-element elementor-element-0fd2096\" data-id=\"0fd2096\" data-element_type=\"column\" data-e-type=\"column\">\n\t\t\t<div class=\"elementor-widget-wrap elementor-element-populated\">\n\t\t\t\t\t\t<div class=\"elementor-element elementor-element-ceb9929 elementor-widget elementor-widget-heading\" data-id=\"ceb9929\" data-element_type=\"widget\" data-e-type=\"widget\" data-widget_type=\"heading.default\">\n\t\t\t\t<div class=\"elementor-widget-container\">\n\t\t\t\t\t<h2 class=\"elementor-heading-title elementor-size-default\">Unser Angebot f\u00fcr Sie<\/h2>\t\t\t\t<\/div>\n\t\t\t\t<\/div>\n\t\t\t\t\t<\/div>\n\t\t<\/div>\n\t\t\t\t\t<\/div>\n\t\t<\/section>\n\t\t\t\t<section class=\"elementor-section elementor-top-section elementor-element elementor-element-b136dce elementor-section-boxed elementor-section-height-default elementor-section-height-default\" data-id=\"b136dce\" data-element_type=\"section\" data-e-type=\"section\">\n\t\t\t\t\t\t<div class=\"elementor-container elementor-column-gap-default\">\n\t\t\t\t\t<div class=\"elementor-column elementor-col-50 elementor-top-column elementor-element elementor-element-d3ea715\" data-id=\"d3ea715\" data-element_type=\"column\" data-e-type=\"column\">\n\t\t\t<div class=\"elementor-widget-wrap elementor-element-populated\">\n\t\t\t\t\t\t<div class=\"elementor-element elementor-element-3ac87ea elementor-widget elementor-widget-text-editor\" data-id=\"3ac87ea\" data-element_type=\"widget\" data-e-type=\"widget\" data-widget_type=\"text-editor.default\">\n\t\t\t\t<div class=\"elementor-widget-container\">\n\t\t\t\t\t\t\t\t\t<p>Zu unseren Kunden z\u00e4hlen wir <strong>Kommunen, Investoren, Bautr\u00e4ger, Betreiber sowie Kauf- und Mietinteressenten.<\/strong><\/p>\n<p>Wir erstellen im Rahmen der Daseinsvorsorge nachhaltige Konzepte fu\u0308r das Wohnen im Allgemeinen und fu\u0308r ein selbstbestimmtes Wohnen im Alter. Unser Anspruch ist die Umsetzung von modernem Wohnen in Verbindung mit<br>unterst\u00fctzenden, smarten Assistenzleistungen.<\/p>\t\t\t\t\t\t\t\t<\/div>\n\t\t\t\t<\/div>\n\t\t\t\t\t<\/div>\n\t\t<\/div>\n\t\t\t\t<div class=\"elementor-column elementor-col-50 elementor-top-column elementor-element elementor-element-556e3ce\" data-id=\"556e3ce\" data-element_type=\"column\" data-e-type=\"column\">\n\t\t\t<div class=\"elementor-widget-wrap elementor-element-populated\">\n\t\t\t\t\t\t<div class=\"elementor-element elementor-element-f0014b0 elementor-widget elementor-widget-image\" data-id=\"f0014b0\" data-element_type=\"widget\" data-e-type=\"widget\" data-widget_type=\"image.default\">\n\t\t\t\t<div class=\"elementor-widget-container\">\n\t\t\t\t\t\t\t\t\t\t\t\t\t\t\t<img fetchpriority=\"high\" decoding=\"async\" width=\"971\" height=\"1024\" src=\"https:\/\/prowohnen-ml.de\/wp-content\/uploads\/2022\/09\/saeulenmodel-3-1920w-971x1024.png\" class=\"attachment-large size-large wp-image-72\" alt=\"\" srcset=\"https:\/\/prowohnen-ml.de\/wp-content\/uploads\/2022\/09\/saeulenmodel-3-1920w-971x1024.png 971w, https:\/\/prowohnen-ml.de\/wp-content\/uploads\/2022\/09\/saeulenmodel-3-1920w-285x300.png 285w, https:\/\/prowohnen-ml.de\/wp-content\/uploads\/2022\/09\/saeulenmodel-3-1920w-768x810.png 768w, https:\/\/prowohnen-ml.de\/wp-content\/uploads\/2022\/09\/saeulenmodel-3-1920w-1457x1536.png 1457w, https:\/\/prowohnen-ml.de\/wp-content\/uploads\/2022\/09\/saeulenmodel-3-1920w.png 1920w\" sizes=\"(max-width: 971px) 100vw, 971px\" title=\"\">\t\t\t\t\t\t\t\t\t\t\t\t\t\t\t<\/div>\n\t\t\t\t<\/div>\n\t\t\t\t\t<\/div>\n\t\t<\/div>\n\t\t\t\t\t<\/div>\n\t\t<\/section>\n\t\t\t\t<section class=\"elementor-section elementor-top-section elementor-element elementor-element-a28623b elementor-section-boxed elementor-section-height-default elementor-section-height-default\" data-id=\"a28623b\" data-element_type=\"section\" data-e-type=\"section\">\n\t\t\t\t\t\t<div class=\"elementor-container elementor-column-gap-default\">\n\t\t\t\t\t<div class=\"elementor-column elementor-col-100 elementor-top-column elementor-element elementor-element-968a4c5\" data-id=\"968a4c5\" data-element_type=\"column\" data-e-type=\"column\">\n\t\t\t<div class=\"elementor-widget-wrap elementor-element-populated\">\n\t\t\t\t\t\t<div class=\"elementor-element elementor-element-67bf49e elementor-widget elementor-widget-text-editor\" data-id=\"67bf49e\" data-element_type=\"widget\" data-e-type=\"widget\" data-widget_type=\"text-editor.default\">\n\t\t\t\t<div class=\"elementor-widget-container\">\n\t\t\t\t\t\t\t\t\t<p>Spezialisiert auf den Vertrieb von Wohnformen im Alter, vermitteln wir Ihnen ein auf Ihre Belange abgestimmtes Wohnangebot.<\/p><p>Bei den Wohnformen im Alter achten wir auf einen ganzheitlichen Ansatz, der idealerweise die Versorgungskette auf dem Grundst\u00fcck oder im Quartier darstellt.<\/p><p><b>Eine hohe Qualit\u00e4t in der Beratung<\/b> ist uns sehr wichtig. Daher haben wir in den Themen Wohnberatung &amp; Wohnungsanpassung, barrierefreies Wohnen und sinnvollen Assistenzsystemen zus\u00e4tzliche Zertifizierungen erworben.<\/p><p><b>Ihr Komfort: Bei uns erhalten Sie alle Leistungen unter einem Dach.<\/b><\/p>\t\t\t\t\t\t\t\t<\/div>\n\t\t\t\t<\/div>\n\t\t\t\t\t<\/div>\n\t\t<\/div>\n\t\t\t\t\t<\/div>\n\t\t<\/section>\n\t\t\t\t<section class=\"elementor-section elementor-top-section elementor-element elementor-element-38a9546 elementor-section-boxed elementor-section-height-default elementor-section-height-default\" data-id=\"38a9546\" data-element_type=\"section\" data-e-type=\"section\" id=\"Leistungen\" data-settings=\"{&quot;background_background&quot;:&quot;classic&quot;}\">\n\t\t\t\t\t\t<div class=\"elementor-container elementor-column-gap-default\">\n\t\t\t\t\t<div class=\"elementor-column elementor-col-25 elementor-top-column elementor-element elementor-element-30a6aa3\" data-id=\"30a6aa3\" data-element_type=\"column\" data-e-type=\"column\">\n\t\t\t<div class=\"elementor-widget-wrap elementor-element-populated\">\n\t\t\t\t\t\t<div class=\"elementor-element elementor-element-2ca4e4c elementor-widget elementor-widget-image\" data-id=\"2ca4e4c\" data-element_type=\"widget\" data-e-type=\"widget\" data-widget_type=\"image.default\">\n\t\t\t\t<div class=\"elementor-widget-container\">\n\t\t\t\t\t\t\t\t\t\t\t\t\t\t\t<img decoding=\"async\" width=\"390\" height=\"386\" src=\"https:\/\/prowohnen-ml.de\/wp-content\/uploads\/2022\/09\/svgviewer-png-output.png\" class=\"attachment-large size-large wp-image-76\" alt=\"\" srcset=\"https:\/\/prowohnen-ml.de\/wp-content\/uploads\/2022\/09\/svgviewer-png-output.png 390w, https:\/\/prowohnen-ml.de\/wp-content\/uploads\/2022\/09\/svgviewer-png-output-300x297.png 300w\" sizes=\"(max-width: 390px) 100vw, 390px\" title=\"\">\t\t\t\t\t\t\t\t\t\t\t\t\t\t\t<\/div>\n\t\t\t\t<\/div>\n\t\t\t\t<div class=\"elementor-element elementor-element-d094bb8 elementor-widget elementor-widget-heading\" data-id=\"d094bb8\" data-element_type=\"widget\" data-e-type=\"widget\" data-widget_type=\"heading.default\">\n\t\t\t\t<div class=\"elementor-widget-container\">\n\t\t\t\t\t<h2 class=\"elementor-heading-title elementor-size-default\">Ganzheitlich<\/h2>\t\t\t\t<\/div>\n\t\t\t\t<\/div>\n\t\t\t\t\t<\/div>\n\t\t<\/div>\n\t\t\t\t<div class=\"elementor-column elementor-col-25 elementor-top-column elementor-element elementor-element-3849b2e\" data-id=\"3849b2e\" data-element_type=\"column\" data-e-type=\"column\">\n\t\t\t<div class=\"elementor-widget-wrap elementor-element-populated\">\n\t\t\t\t\t\t<div class=\"elementor-element elementor-element-2f2fa11 elementor-widget elementor-widget-image\" data-id=\"2f2fa11\" data-element_type=\"widget\" data-e-type=\"widget\" data-widget_type=\"image.default\">\n\t\t\t\t<div class=\"elementor-widget-container\">\n\t\t\t\t\t\t\t\t\t\t\t\t\t\t\t<img decoding=\"async\" width=\"387\" height=\"387\" src=\"https:\/\/prowohnen-ml.de\/wp-content\/uploads\/2022\/09\/svgviewer-png-output-1.png\" class=\"attachment-large size-large wp-image-75\" alt=\"\" srcset=\"https:\/\/prowohnen-ml.de\/wp-content\/uploads\/2022\/09\/svgviewer-png-output-1.png 387w, https:\/\/prowohnen-ml.de\/wp-content\/uploads\/2022\/09\/svgviewer-png-output-1-300x300.png 300w, https:\/\/prowohnen-ml.de\/wp-content\/uploads\/2022\/09\/svgviewer-png-output-1-150x150.png 150w\" sizes=\"(max-width: 387px) 100vw, 387px\" title=\"\">\t\t\t\t\t\t\t\t\t\t\t\t\t\t\t<\/div>\n\t\t\t\t<\/div>\n\t\t\t\t<div class=\"elementor-element elementor-element-15f2486 elementor-widget elementor-widget-heading\" data-id=\"15f2486\" data-element_type=\"widget\" data-e-type=\"widget\" data-widget_type=\"heading.default\">\n\t\t\t\t<div class=\"elementor-widget-container\">\n\t\t\t\t\t<h2 class=\"elementor-heading-title elementor-size-default\">Nachhaltig<\/h2>\t\t\t\t<\/div>\n\t\t\t\t<\/div>\n\t\t\t\t\t<\/div>\n\t\t<\/div>\n\t\t\t\t<div class=\"elementor-column elementor-col-25 elementor-top-column elementor-element elementor-element-f306559\" data-id=\"f306559\" data-element_type=\"column\" data-e-type=\"column\">\n\t\t\t<div class=\"elementor-widget-wrap elementor-element-populated\">\n\t\t\t\t\t\t<div class=\"elementor-element elementor-element-75a000b elementor-widget elementor-widget-image\" data-id=\"75a000b\" data-element_type=\"widget\" data-e-type=\"widget\" data-widget_type=\"image.default\">\n\t\t\t\t<div class=\"elementor-widget-container\">\n\t\t\t\t\t\t\t\t\t\t\t\t\t\t\t<img loading=\"lazy\" decoding=\"async\" width=\"518\" height=\"512\" src=\"https:\/\/prowohnen-ml.de\/wp-content\/uploads\/2022\/09\/svgviewer-png-output-2.png\" class=\"attachment-large size-large wp-image-74\" alt=\"\" srcset=\"https:\/\/prowohnen-ml.de\/wp-content\/uploads\/2022\/09\/svgviewer-png-output-2.png 518w, https:\/\/prowohnen-ml.de\/wp-content\/uploads\/2022\/09\/svgviewer-png-output-2-300x297.png 300w\" sizes=\"(max-width: 518px) 100vw, 518px\" title=\"\">\t\t\t\t\t\t\t\t\t\t\t\t\t\t\t<\/div>\n\t\t\t\t<\/div>\n\t\t\t\t<div class=\"elementor-element elementor-element-a534810 elementor-widget elementor-widget-heading\" data-id=\"a534810\" data-element_type=\"widget\" data-e-type=\"widget\" data-widget_type=\"heading.default\">\n\t\t\t\t<div class=\"elementor-widget-container\">\n\t\t\t\t\t<h2 class=\"elementor-heading-title elementor-size-default\">Innovativ\n<\/h2>\t\t\t\t<\/div>\n\t\t\t\t<\/div>\n\t\t\t\t\t<\/div>\n\t\t<\/div>\n\t\t\t\t<div class=\"elementor-column elementor-col-25 elementor-top-column elementor-element elementor-element-e360f94\" data-id=\"e360f94\" data-element_type=\"column\" data-e-type=\"column\">\n\t\t\t<div class=\"elementor-widget-wrap elementor-element-populated\">\n\t\t\t\t\t\t<div class=\"elementor-element elementor-element-bd6d3f9 elementor-widget elementor-widget-image\" data-id=\"bd6d3f9\" data-element_type=\"widget\" data-e-type=\"widget\" data-widget_type=\"image.default\">\n\t\t\t\t<div class=\"elementor-widget-container\">\n\t\t\t\t\t\t\t\t\t\t\t\t\t\t\t<img loading=\"lazy\" decoding=\"async\" width=\"408\" height=\"410\" src=\"https:\/\/prowohnen-ml.de\/wp-content\/uploads\/2022\/09\/svgviewer-png-output-3.png\" class=\"attachment-large size-large wp-image-73\" alt=\"\" srcset=\"https:\/\/prowohnen-ml.de\/wp-content\/uploads\/2022\/09\/svgviewer-png-output-3.png 408w, https:\/\/prowohnen-ml.de\/wp-content\/uploads\/2022\/09\/svgviewer-png-output-3-300x300.png 300w, https:\/\/prowohnen-ml.de\/wp-content\/uploads\/2022\/09\/svgviewer-png-output-3-150x150.png 150w\" sizes=\"(max-width: 408px) 100vw, 408px\" title=\"\">\t\t\t\t\t\t\t\t\t\t\t\t\t\t\t<\/div>\n\t\t\t\t<\/div>\n\t\t\t\t<div class=\"elementor-element elementor-element-6bea05b elementor-widget elementor-widget-heading\" data-id=\"6bea05b\" data-element_type=\"widget\" data-e-type=\"widget\" data-widget_type=\"heading.default\">\n\t\t\t\t<div class=\"elementor-widget-container\">\n\t\t\t\t\t<h2 class=\"elementor-heading-title elementor-size-default\">Bedarfsorientiert<\/h2>\t\t\t\t<\/div>\n\t\t\t\t<\/div>\n\t\t\t\t\t<\/div>\n\t\t<\/div>\n\t\t\t\t\t<\/div>\n\t\t<\/section>\n\t\t\t\t<section class=\"premium-parallax-section-hide elementor-section elementor-top-section elementor-element elementor-element-86d9841 elementor-section-height-min-height premium-parallax-yes elementor-section-boxed elementor-section-height-default elementor-section-items-middle\" data-pa-parallax=\"{&quot;type&quot;:&quot;scroll&quot;,&quot;speed&quot;:&quot;&quot;,&quot;android&quot;:1,&quot;ios&quot;:1,&quot;size&quot;:&quot;cover&quot;,&quot;repeat&quot;:&quot;no-repeat&quot;}\" data-id=\"86d9841\" data-element_type=\"section\" data-e-type=\"section\" data-settings=\"{&quot;background_background&quot;:&quot;classic&quot;}\">\n\t\t\t\t\t\t\t<div class=\"elementor-background-overlay\"><\/div>\n\t\t\t\t\t\t\t<div class=\"elementor-container elementor-column-gap-default\">\n\t\t\t\t\t<div class=\"elementor-column elementor-col-100 elementor-top-column elementor-element elementor-element-3286462\" data-id=\"3286462\" data-element_type=\"column\" data-e-type=\"column\">\n\t\t\t<div class=\"elementor-widget-wrap elementor-element-populated\">\n\t\t\t\t\t\t<div class=\"elementor-element elementor-element-4e91815 elementor-widget elementor-widget-heading\" data-id=\"4e91815\" data-element_type=\"widget\" data-e-type=\"widget\" data-widget_type=\"heading.default\">\n\t\t\t\t<div class=\"elementor-widget-container\">\n\t\t\t\t\t<h2 class=\"elementor-heading-title elementor-size-default\">Sie interessieren sich f\u00fcr unsere Serviceleistungen?<br>\n\ufeffWir sind stets f\u00fcr Sie da!<\/h2>\t\t\t\t<\/div>\n\t\t\t\t<\/div>\n\t\t\t\t<div class=\"elementor-element elementor-element-14745ab elementor-align-center elementor-widget elementor-widget-button\" data-id=\"14745ab\" data-element_type=\"widget\" data-e-type=\"widget\" data-widget_type=\"button.default\">\n\t\t\t\t<div class=\"elementor-widget-container\">\n\t\t\t\t\t\t\t\t\t<div class=\"elementor-button-wrapper\">\n\t\t\t\t\t<a class=\"elementor-button elementor-button-link elementor-size-sm\" href=\"https:\/\/prowohnen-ml.de\/index.php\/kontakt\/\">\n\t\t\t\t\t\t<span class=\"elementor-button-content-wrapper\">\n\t\t\t\t\t\t\t\t\t<span class=\"elementor-button-text\">Kontaktieren Sie uns<\/span>\n\t\t\t\t\t<\/span>\n\t\t\t\t\t<\/a>\n\t\t\t\t<\/div>\n\t\t\t\t\t\t\t\t<\/div>\n\t\t\t\t<\/div>\n\t\t\t\t\t<\/div>\n\t\t<\/div>\n\t\t\t\t\t<\/div>\n\t\t<\/section>\n\t\t\t\t<\/div>\n\t\t","protected":false},"excerpt":{"rendered":"<p>Unser Angebot f\u00fcr Sie Zu unseren Kunden z\u00e4hlen wir Kommunen, Investoren, Bautr\u00e4ger, Betreiber sowie Kauf- und Mietinteressenten. Wir erstellen im Rahmen der Daseinsvorsorge nachhaltige Konzepte fu\u0308r das Wohnen im Allgemeinen und fu\u0308r ein selbstbestimmtes Wohnen im Alter. Unser Anspruch ist die Umsetzung von modernem Wohnen in Verbindung mitunterst\u00fctzenden, smarten Assistenzleistungen. Spezialisiert auf den Vertrieb von [&hellip;]<\/p>\n","protected":false},"author":1,"featured_media":0,"parent":0,"menu_order":0,"comment_status":"closed","ping_status":"closed","template":"","meta":{"site-sidebar-layout":"no-sidebar","site-content-layout":"page-builder","ast-site-content-layout":"default","site-content-style":"default","site-sidebar-style":"default","ast-global-header-display":"","ast-banner-title-visibility":"","ast-main-header-display":"","ast-hfb-above-header-display":"","ast-hfb-below-header-display":"","ast-hfb-mobile-header-display":"","site-post-title":"disabled","ast-breadcrumbs-content":"","ast-featured-img":"disabled","footer-sml-layout":"","ast-disable-related-posts":"","theme-transparent-header-meta":"","adv-header-id-meta":"","stick-header-meta":"","header-above-stick-meta":"","header-main-stick-meta":"","header-below-stick-meta":"","astra-migrate-meta-layouts":"default","ast-page-background-enabled":"default","ast-page-background-meta":{"desktop":{"background-color":"var(--ast-global-color-4)","background-image":"","background-repeat":"repeat","background-position":"center center","background-size":"auto","background-attachment":"scroll","background-type":"","background-media":"","overlay-type":"","overlay-color":"","overlay-opacity":"","overlay-gradient":""},"tablet":{"background-color":"","background-image":"","background-repeat":"repeat","background-position":"center center","background-size":"auto","background-attachment":"scroll","background-type":"","background-media":"","overlay-type":"","overlay-color":"","overlay-opacity":"","overlay-gradient":""},"mobile":{"background-color":"","background-image":"","background-repeat":"repeat","background-position":"center center","background-size":"auto","background-attachment":"scroll","background-type":"","background-media":"","overlay-type":"","overlay-color":"","overlay-opacity":"","overlay-gradient":""}},"ast-content-background-meta":{"desktop":{"background-color":"var(--ast-global-color-5)","background-image":"","background-repeat":"repeat","background-position":"center center","background-size":"auto","background-attachment":"scroll","background-type":"","background-media":"","overlay-type":"","overlay-color":"","overlay-opacity":"","overlay-gradient":""},"tablet":{"background-color":"var(--ast-global-color-5)","background-image":"","background-repeat":"repeat","background-position":"center center","background-size":"auto","background-attachment":"scroll","background-type":"","background-media":"","overlay-type":"","overlay-color":"","overlay-opacity":"","overlay-gradient":""},"mobile":{"background-color":"var(--ast-global-color-5)","background-image":"","background-repeat":"repeat","background-position":"center center","background-size":"auto","background-attachment":"scroll","background-type":"","background-media":"","overlay-type":"","overlay-color":"","overlay-opacity":"","overlay-gradient":""}},"footnotes":""},"class_list":["post-69","page","type-page","status-publish","hentry"],"_links":{"self":[{"href":"https:\/\/prowohnen-ml.de\/index.php\/wp-json\/wp\/v2\/pages\/69","targetHints":{"allow":["GET"]}}],"collection":[{"href":"https:\/\/prowohnen-ml.de\/index.php\/wp-json\/wp\/v2\/pages"}],"about":[{"href":"https:\/\/prowohnen-ml.de\/index.php\/wp-json\/wp\/v2\/types\/page"}],"author":[{"embeddable":true,"href":"https:\/\/prowohnen-ml.de\/index.php\/wp-json\/wp\/v2\/users\/1"}],"replies":[{"embeddable":true,"href":"https:\/\/prowohnen-ml.de\/index.php\/wp-json\/wp\/v2\/comments?post=69"}],"version-history":[{"count":67,"href":"https:\/\/prowohnen-ml.de\/index.php\/wp-json\/wp\/v2\/pages\/69\/revisions"}],"predecessor-version":[{"id":2217,"href":"https:\/\/prowohnen-ml.de\/index.php\/wp-json\/wp\/v2\/pages\/69\/revisions\/2217"}],"wp:attachment":[{"href":"https:\/\/prowohnen-ml.de\/index.php\/wp-json\/wp\/v2\/media?parent=69"}],"curies":[{"name":"wp","href":"https:\/\/api.w.org\/{rel}","templated":true}]}}