{"id":60,"date":"2022-09-28T08:54:24","date_gmt":"2022-09-28T08:54:24","guid":{"rendered":"https:\/\/sharp-pike.157-90-23-119.plesk.page\/?page_id=60"},"modified":"2025-08-13T07:45:17","modified_gmt":"2025-08-13T07:45:17","slug":"aktuelles","status":"publish","type":"page","link":"https:\/\/prowohnen-ml.de\/index.php\/aktuelles\/","title":{"rendered":"Aktuelles"},"content":{"rendered":"\t\t<div data-elementor-type=\"wp-page\" data-elementor-id=\"60\" class=\"elementor elementor-60\" data-elementor-post-type=\"page\">\n\t\t\t\t\t\t<section class=\"elementor-section elementor-top-section elementor-element elementor-element-0eac851 elementor-section-height-min-height elementor-section-boxed elementor-section-height-default elementor-section-items-middle\" data-id=\"0eac851\" data-element_type=\"section\" data-e-type=\"section\" data-settings=\"{&quot;background_background&quot;:&quot;classic&quot;}\">\n\t\t\t\t\t\t<div class=\"elementor-container elementor-column-gap-default\">\n\t\t\t\t\t<div class=\"elementor-column elementor-col-100 elementor-top-column elementor-element elementor-element-d9b3c16\" data-id=\"d9b3c16\" data-element_type=\"column\" data-e-type=\"column\">\n\t\t\t<div class=\"elementor-widget-wrap elementor-element-populated\">\n\t\t\t\t\t\t<div class=\"elementor-element elementor-element-65111df elementor-widget elementor-widget-heading\" data-id=\"65111df\" data-element_type=\"widget\" data-e-type=\"widget\" data-widget_type=\"heading.default\">\n\t\t\t\t<div class=\"elementor-widget-container\">\n\t\t\t\t\t<h2 class=\"elementor-heading-title elementor-size-default\">Aktuelles<\/h2>\t\t\t\t<\/div>\n\t\t\t\t<\/div>\n\t\t\t\t\t<\/div>\n\t\t<\/div>\n\t\t\t\t\t<\/div>\n\t\t<\/section>\n\t\t\t\t<section class=\"elementor-section elementor-top-section elementor-element elementor-element-9b3849e elementor-section-boxed elementor-section-height-default elementor-section-height-default\" data-id=\"9b3849e\" data-element_type=\"section\" data-e-type=\"section\">\n\t\t\t\t\t\t<div class=\"elementor-container elementor-column-gap-default\">\n\t\t\t\t\t<div class=\"elementor-column elementor-col-100 elementor-top-column elementor-element elementor-element-2f8c9ad\" data-id=\"2f8c9ad\" data-element_type=\"column\" data-e-type=\"column\">\n\t\t\t<div class=\"elementor-widget-wrap elementor-element-populated\">\n\t\t\t\t\t\t<div class=\"elementor-element elementor-element-d4ed6f4 elementor-grid-2 elementor-grid-tablet-2 elementor-grid-mobile-1 elementor-posts--thumbnail-top load-more-align-center elementor-widget elementor-widget-posts\" data-id=\"d4ed6f4\" data-element_type=\"widget\" data-e-type=\"widget\" data-settings=\"{&quot;classic_columns&quot;:&quot;2&quot;,&quot;pagination_type&quot;:&quot;load_more_on_click&quot;,&quot;classic_row_gap&quot;:{&quot;unit&quot;:&quot;px&quot;,&quot;size&quot;:50,&quot;sizes&quot;:[]},&quot;classic_columns_tablet&quot;:&quot;2&quot;,&quot;classic_columns_mobile&quot;:&quot;1&quot;,&quot;classic_row_gap_tablet&quot;:{&quot;unit&quot;:&quot;px&quot;,&quot;size&quot;:&quot;&quot;,&quot;sizes&quot;:[]},&quot;classic_row_gap_mobile&quot;:{&quot;unit&quot;:&quot;px&quot;,&quot;size&quot;:&quot;&quot;,&quot;sizes&quot;:[]},&quot;load_more_spinner&quot;:{&quot;value&quot;:&quot;fas fa-spinner&quot;,&quot;library&quot;:&quot;fa-solid&quot;}}\" data-widget_type=\"posts.classic\">\n\t\t\t\t<div class=\"elementor-widget-container\">\n\t\t\t\t\t\t\t<div class=\"elementor-posts-container elementor-posts elementor-posts--skin-classic elementor-grid\" role=\"list\">\n\t\t\t\t<article class=\"elementor-post elementor-grid-item post-815 post type-post status-publish format-standard has-post-thumbnail hentry category-aktuelles\" role=\"listitem\">\n\t\t\t\t<a class=\"elementor-post__thumbnail__link\" href=\"https:\/\/prowohnen-ml.de\/index.php\/2022\/12\/15\/mitbewohner-gesucht\/\" tabindex=\"-1\" >\n\t\t\t<div class=\"elementor-post__thumbnail\"><img fetchpriority=\"high\" decoding=\"async\" width=\"768\" height=\"1024\" src=\"https:\/\/prowohnen-ml.de\/wp-content\/uploads\/2022\/10\/Schwanenhoefe_02-1920w-768x1024.webp\" class=\"attachment-large size-large wp-image-473\" alt=\"\" title=\"\" srcset=\"https:\/\/prowohnen-ml.de\/wp-content\/uploads\/2022\/10\/Schwanenhoefe_02-1920w-768x1024.webp 768w, https:\/\/prowohnen-ml.de\/wp-content\/uploads\/2022\/10\/Schwanenhoefe_02-1920w-225x300.webp 225w, https:\/\/prowohnen-ml.de\/wp-content\/uploads\/2022\/10\/Schwanenhoefe_02-1920w.webp 960w\" sizes=\"(max-width: 768px) 100vw, 768px\" \/><\/div>\n\t\t<\/a>\n\t\t\t\t<div class=\"elementor-post__text\">\n\t\t\t\t<h3 class=\"elementor-post__title\">\n\t\t\t<a href=\"https:\/\/prowohnen-ml.de\/index.php\/2022\/12\/15\/mitbewohner-gesucht\/\" >\n\t\t\t\tMitbewohner gesucht\t\t\t<\/a>\n\t\t<\/h3>\n\t\t\t\t<div class=\"elementor-post__excerpt\">\n\t\t\t<p>Senioren WG in B\u00fcrgstadt hat noch freie Pl\u00e4tze Die ambulant<\/p>\n\t\t<\/div>\n\t\t\n\t\t<a class=\"elementor-post__read-more\" href=\"https:\/\/prowohnen-ml.de\/index.php\/2022\/12\/15\/mitbewohner-gesucht\/\" aria-label=\"Mehr \u00fcber Mitbewohner gesucht\" tabindex=\"-1\" >\n\t\t\tMehr lesen \u00bb\t\t<\/a>\n\n\t\t\t\t<\/div>\n\t\t\t\t<\/article>\n\t\t\t\t<article class=\"elementor-post elementor-grid-item post-810 post type-post status-publish format-standard has-post-thumbnail hentry category-aktuelles\" role=\"listitem\">\n\t\t\t\t<a class=\"elementor-post__thumbnail__link\" href=\"https:\/\/prowohnen-ml.de\/index.php\/2022\/12\/15\/angebot-fuer-kapitalanleger\/\" tabindex=\"-1\" >\n\t\t\t<div class=\"elementor-post__thumbnail\"><img decoding=\"async\" width=\"1024\" height=\"702\" src=\"https:\/\/prowohnen-ml.de\/wp-content\/uploads\/2022\/12\/Streckerring01-1920w-1-1024x702.webp\" class=\"attachment-large size-large wp-image-813\" alt=\"\" title=\"\" srcset=\"https:\/\/prowohnen-ml.de\/wp-content\/uploads\/2022\/12\/Streckerring01-1920w-1-1024x702.webp 1024w, https:\/\/prowohnen-ml.de\/wp-content\/uploads\/2022\/12\/Streckerring01-1920w-1-300x206.webp 300w, https:\/\/prowohnen-ml.de\/wp-content\/uploads\/2022\/12\/Streckerring01-1920w-1-768x527.webp 768w, https:\/\/prowohnen-ml.de\/wp-content\/uploads\/2022\/12\/Streckerring01-1920w-1.webp 1200w\" sizes=\"(max-width: 1024px) 100vw, 1024px\" \/><\/div>\n\t\t<\/a>\n\t\t\t\t<div class=\"elementor-post__text\">\n\t\t\t\t<h3 class=\"elementor-post__title\">\n\t\t\t<a href=\"https:\/\/prowohnen-ml.de\/index.php\/2022\/12\/15\/angebot-fuer-kapitalanleger\/\" >\n\t\t\t\tAngebot f\u00fcr Kapitalanleger\t\t\t<\/a>\n\t\t<\/h3>\n\t\t\t\t<div class=\"elementor-post__excerpt\">\n\t\t\t<p>WE03 aus unserem Projekt &#8220;Sorgenfrei leben&#8221; in Collenberg &#8211; Wohnkonzept<\/p>\n\t\t<\/div>\n\t\t\n\t\t<a class=\"elementor-post__read-more\" href=\"https:\/\/prowohnen-ml.de\/index.php\/2022\/12\/15\/angebot-fuer-kapitalanleger\/\" aria-label=\"Mehr \u00fcber Angebot f\u00fcr Kapitalanleger\" tabindex=\"-1\" >\n\t\t\tMehr lesen \u00bb\t\t<\/a>\n\n\t\t\t\t<\/div>\n\t\t\t\t<\/article>\n\t\t\t\t<article class=\"elementor-post elementor-grid-item post-762 post type-post status-publish format-standard has-post-thumbnail hentry category-aktuelles\" role=\"listitem\">\n\t\t\t\t<a class=\"elementor-post__thumbnail__link\" href=\"https:\/\/prowohnen-ml.de\/index.php\/2022\/12\/13\/bau-eines-neuen-mehrfamilienhauses-in-eschau\/\" tabindex=\"-1\" >\n\t\t\t<div class=\"elementor-post__thumbnail\"><img decoding=\"async\" width=\"1024\" height=\"768\" src=\"https:\/\/prowohnen-ml.de\/wp-content\/uploads\/2022\/12\/MFH_Geissler_03-1920w-1024x768.webp\" class=\"attachment-large size-large wp-image-763\" alt=\"\" title=\"\" srcset=\"https:\/\/prowohnen-ml.de\/wp-content\/uploads\/2022\/12\/MFH_Geissler_03-1920w-1024x768.webp 1024w, https:\/\/prowohnen-ml.de\/wp-content\/uploads\/2022\/12\/MFH_Geissler_03-1920w-300x225.webp 300w, https:\/\/prowohnen-ml.de\/wp-content\/uploads\/2022\/12\/MFH_Geissler_03-1920w-768x576.webp 768w, https:\/\/prowohnen-ml.de\/wp-content\/uploads\/2022\/12\/MFH_Geissler_03-1920w-1536x1152.webp 1536w, https:\/\/prowohnen-ml.de\/wp-content\/uploads\/2022\/12\/MFH_Geissler_03-1920w.webp 1920w\" sizes=\"(max-width: 1024px) 100vw, 1024px\" \/><\/div>\n\t\t<\/a>\n\t\t\t\t<div class=\"elementor-post__text\">\n\t\t\t\t<h3 class=\"elementor-post__title\">\n\t\t\t<a href=\"https:\/\/prowohnen-ml.de\/index.php\/2022\/12\/13\/bau-eines-neuen-mehrfamilienhauses-in-eschau\/\" >\n\t\t\t\tBau eines neuen Mehrfamilienhauses in Eschau\t\t\t<\/a>\n\t\t<\/h3>\n\t\t\t\t<div class=\"elementor-post__excerpt\">\n\t\t\t<p>Hier entstehen gerade 6 neue Mietwohnungen.Geplante Fertigstellung: ca. August\/September 2023<\/p>\n\t\t<\/div>\n\t\t\n\t\t<a class=\"elementor-post__read-more\" href=\"https:\/\/prowohnen-ml.de\/index.php\/2022\/12\/13\/bau-eines-neuen-mehrfamilienhauses-in-eschau\/\" aria-label=\"Mehr \u00fcber Bau eines neuen Mehrfamilienhauses in Eschau\" tabindex=\"-1\" >\n\t\t\tMehr lesen \u00bb\t\t<\/a>\n\n\t\t\t\t<\/div>\n\t\t\t\t<\/article>\n\t\t\t\t<article class=\"elementor-post elementor-grid-item post-1 post type-post status-publish format-standard has-post-thumbnail hentry category-aktuelles\" role=\"listitem\">\n\t\t\t\t<a class=\"elementor-post__thumbnail__link\" href=\"https:\/\/prowohnen-ml.de\/index.php\/2022\/09\/28\/hello-world\/\" tabindex=\"-1\" >\n\t\t\t<div class=\"elementor-post__thumbnail\"><img loading=\"lazy\" decoding=\"async\" width=\"1024\" height=\"576\" src=\"https:\/\/prowohnen-ml.de\/wp-content\/uploads\/2022\/09\/2022-06-30AnsichtInnenhofRenderFinal-1128w-1024x576.webp\" class=\"attachment-large size-large wp-image-11\" alt=\"\" title=\"\" srcset=\"https:\/\/prowohnen-ml.de\/wp-content\/uploads\/2022\/09\/2022-06-30AnsichtInnenhofRenderFinal-1128w-1024x576.webp 1024w, https:\/\/prowohnen-ml.de\/wp-content\/uploads\/2022\/09\/2022-06-30AnsichtInnenhofRenderFinal-1128w-300x169.webp 300w, https:\/\/prowohnen-ml.de\/wp-content\/uploads\/2022\/09\/2022-06-30AnsichtInnenhofRenderFinal-1128w-768x432.webp 768w, https:\/\/prowohnen-ml.de\/wp-content\/uploads\/2022\/09\/2022-06-30AnsichtInnenhofRenderFinal-1128w.webp 1130w\" sizes=\"(max-width: 1024px) 100vw, 1024px\" \/><\/div>\n\t\t<\/a>\n\t\t\t\t<div class=\"elementor-post__text\">\n\t\t\t\t<h3 class=\"elementor-post__title\">\n\t\t\t<a href=\"https:\/\/prowohnen-ml.de\/index.php\/2022\/09\/28\/hello-world\/\" >\n\t\t\t\tVerkaufsstart in Collenberg\t\t\t<\/a>\n\t\t<\/h3>\n\t\t\t\t<div class=\"elementor-post__excerpt\">\n\t\t\t<p>8 Wohnungen im Projekt &#8220;Komfortables, barrierefreies Wohnen im alten Schulgarten&#8221;<\/p>\n\t\t<\/div>\n\t\t\n\t\t<a class=\"elementor-post__read-more\" href=\"https:\/\/prowohnen-ml.de\/index.php\/2022\/09\/28\/hello-world\/\" aria-label=\"Mehr \u00fcber Verkaufsstart in Collenberg\" tabindex=\"-1\" >\n\t\t\tMehr lesen \u00bb\t\t<\/a>\n\n\t\t\t\t<\/div>\n\t\t\t\t<\/article>\n\t\t\t\t<article class=\"elementor-post elementor-grid-item post-320 post type-post status-publish format-standard has-post-thumbnail hentry category-aktuelles\" role=\"listitem\">\n\t\t\t\t<a class=\"elementor-post__thumbnail__link\" href=\"https:\/\/prowohnen-ml.de\/index.php\/2022\/08\/29\/eroeffnung-ambulant-betreute-wg-buergstadt\/\" tabindex=\"-1\" >\n\t\t\t<div class=\"elementor-post__thumbnail\"><img loading=\"lazy\" decoding=\"async\" width=\"583\" height=\"294\" src=\"https:\/\/prowohnen-ml.de\/wp-content\/uploads\/2022\/09\/Schwanenhoefe-1920w.webp\" class=\"attachment-large size-large wp-image-321\" alt=\"\" title=\"\" srcset=\"https:\/\/prowohnen-ml.de\/wp-content\/uploads\/2022\/09\/Schwanenhoefe-1920w.webp 583w, https:\/\/prowohnen-ml.de\/wp-content\/uploads\/2022\/09\/Schwanenhoefe-1920w-300x151.webp 300w\" sizes=\"(max-width: 583px) 100vw, 583px\" \/><\/div>\n\t\t<\/a>\n\t\t\t\t<div class=\"elementor-post__text\">\n\t\t\t\t<h3 class=\"elementor-post__title\">\n\t\t\t<a href=\"https:\/\/prowohnen-ml.de\/index.php\/2022\/08\/29\/eroeffnung-ambulant-betreute-wg-buergstadt\/\" >\n\t\t\t\tEr\u00f6ffnung ambulant betreute WG B\u00fcrgstadt\t\t\t<\/a>\n\t\t<\/h3>\n\t\t\t\t<div class=\"elementor-post__excerpt\">\n\t\t\t<p>Am 01.09.2022 war es so weit&#8230; die ambulant betreute Wohngemeinschaft<\/p>\n\t\t<\/div>\n\t\t\n\t\t<a class=\"elementor-post__read-more\" href=\"https:\/\/prowohnen-ml.de\/index.php\/2022\/08\/29\/eroeffnung-ambulant-betreute-wg-buergstadt\/\" aria-label=\"Mehr \u00fcber Er\u00f6ffnung ambulant betreute WG B\u00fcrgstadt\" tabindex=\"-1\" >\n\t\t\tMehr lesen \u00bb\t\t<\/a>\n\n\t\t\t\t<\/div>\n\t\t\t\t<\/article>\n\t\t\t\t<article class=\"elementor-post elementor-grid-item post-333 post type-post status-publish format-standard has-post-thumbnail hentry category-aktuelles\" role=\"listitem\">\n\t\t\t\t<a class=\"elementor-post__thumbnail__link\" href=\"https:\/\/prowohnen-ml.de\/index.php\/2022\/06\/29\/einweihungsfeier-elsavastrasse-36-eschau\/\" tabindex=\"-1\" >\n\t\t\t<div class=\"elementor-post__thumbnail\"><img loading=\"lazy\" decoding=\"async\" width=\"480\" height=\"640\" src=\"https:\/\/prowohnen-ml.de\/wp-content\/uploads\/2022\/09\/Einweihung_09-1920w.webp\" class=\"attachment-large size-large wp-image-334\" alt=\"\" title=\"\" srcset=\"https:\/\/prowohnen-ml.de\/wp-content\/uploads\/2022\/09\/Einweihung_09-1920w.webp 480w, https:\/\/prowohnen-ml.de\/wp-content\/uploads\/2022\/09\/Einweihung_09-1920w-225x300.webp 225w\" sizes=\"(max-width: 480px) 100vw, 480px\" \/><\/div>\n\t\t<\/a>\n\t\t\t\t<div class=\"elementor-post__text\">\n\t\t\t\t<h3 class=\"elementor-post__title\">\n\t\t\t<a href=\"https:\/\/prowohnen-ml.de\/index.php\/2022\/06\/29\/einweihungsfeier-elsavastrasse-36-eschau\/\" >\n\t\t\t\tEinweihungsfeier Elsavastra\u00dfe 36, Eschau\t\t\t<\/a>\n\t\t<\/h3>\n\t\t\t\t<div class=\"elementor-post__excerpt\">\n\t\t\t<p>Geschafft! Am 23.06.2022 konnten wir in geselliger Runde die Einweihung<\/p>\n\t\t<\/div>\n\t\t\n\t\t<a class=\"elementor-post__read-more\" href=\"https:\/\/prowohnen-ml.de\/index.php\/2022\/06\/29\/einweihungsfeier-elsavastrasse-36-eschau\/\" aria-label=\"Mehr \u00fcber Einweihungsfeier Elsavastra\u00dfe 36, Eschau\" tabindex=\"-1\" >\n\t\t\tMehr lesen \u00bb\t\t<\/a>\n\n\t\t\t\t<\/div>\n\t\t\t\t<\/article>\n\t\t\t\t<\/div>\n\t\t\t\t\t<span class=\"e-load-more-spinner\">\n\t\t\t\t<i aria-hidden=\"true\" class=\"fas fa-spinner\"><\/i>\t\t\t<\/span>\n\t\t\n\t\t\t\t<div class=\"e-load-more-anchor\" data-page=\"1\" data-max-page=\"3\" data-next-page=\"https:\/\/prowohnen-ml.de\/index.php\/wp-json\/wp\/v2\/pages\/60\/page\/2\/\"><\/div>\n\t\t\t\t<div class=\"elementor-button-wrapper\">\n\t\t\t<a class=\"elementor-button elementor-size-sm\" role=\"button\">\n\t\t\t\t\t\t<span class=\"elementor-button-content-wrapper\">\n\t\t\t\t\t\t\t\t\t<span class=\"elementor-button-text\">Mehr anzeigen<\/span>\n\t\t\t\t\t<\/span>\n\t\t\t\t\t<\/a>\n\t\t<\/div>\n\t\t\t\t<div class=\"e-load-more-message\"><\/div>\n\t\t\t\t\t\t<\/div>\n\t\t\t\t<\/div>\n\t\t\t\t\t<\/div>\n\t\t<\/div>\n\t\t\t\t\t<\/div>\n\t\t<\/section>\n\t\t\t\t<\/div>\n\t\t","protected":false},"excerpt":{"rendered":"<p>Aktuelles<\/p>\n","protected":false},"author":1,"featured_media":0,"parent":0,"menu_order":0,"comment_status":"closed","ping_status":"closed","template":"","meta":{"site-sidebar-layout":"no-sidebar","site-content-layout":"page-builder","ast-site-content-layout":"default","site-content-style":"default","site-sidebar-style":"default","ast-global-header-display":"","ast-banner-title-visibility":"","ast-main-header-display":"","ast-hfb-above-header-display":"","ast-hfb-below-header-display":"","ast-hfb-mobile-header-display":"","site-post-title":"disabled","ast-breadcrumbs-content":"","ast-featured-img":"disabled","footer-sml-layout":"","ast-disable-related-posts":"","theme-transparent-header-meta":"","adv-header-id-meta":"","stick-header-meta":"","header-above-stick-meta":"","header-main-stick-meta":"","header-below-stick-meta":"","astra-migrate-meta-layouts":"default","ast-page-background-enabled":"default","ast-page-background-meta":{"desktop":{"background-color":"var(--ast-global-color-4)","background-image":"","background-repeat":"repeat","background-position":"center center","background-size":"auto","background-attachment":"scroll","background-type":"","background-media":"","overlay-type":"","overlay-color":"","overlay-opacity":"","overlay-gradient":""},"tablet":{"background-color":"","background-image":"","background-repeat":"repeat","background-position":"center center","background-size":"auto","background-attachment":"scroll","background-type":"","background-media":"","overlay-type":"","overlay-color":"","overlay-opacity":"","overlay-gradient":""},"mobile":{"background-color":"","background-image":"","background-repeat":"repeat","background-position":"center center","background-size":"auto","background-attachment":"scroll","background-type":"","background-media":"","overlay-type":"","overlay-color":"","overlay-opacity":"","overlay-gradient":""}},"ast-content-background-meta":{"desktop":{"background-color":"var(--ast-global-color-5)","background-image":"","background-repeat":"repeat","background-position":"center center","background-size":"auto","background-attachment":"scroll","background-type":"","background-media":"","overlay-type":"","overlay-color":"","overlay-opacity":"","overlay-gradient":""},"tablet":{"background-color":"var(--ast-global-color-5)","background-image":"","background-repeat":"repeat","background-position":"center center","background-size":"auto","background-attachment":"scroll","background-type":"","background-media":"","overlay-type":"","overlay-color":"","overlay-opacity":"","overlay-gradient":""},"mobile":{"background-color":"var(--ast-global-color-5)","background-image":"","background-repeat":"repeat","background-position":"center center","background-size":"auto","background-attachment":"scroll","background-type":"","background-media":"","overlay-type":"","overlay-color":"","overlay-opacity":"","overlay-gradient":""}},"footnotes":""},"class_list":["post-60","page","type-page","status-publish","hentry"],"_links":{"self":[{"href":"https:\/\/prowohnen-ml.de\/index.php\/wp-json\/wp\/v2\/pages\/60","targetHints":{"allow":["GET"]}}],"collection":[{"href":"https:\/\/prowohnen-ml.de\/index.php\/wp-json\/wp\/v2\/pages"}],"about":[{"href":"https:\/\/prowohnen-ml.de\/index.php\/wp-json\/wp\/v2\/types\/page"}],"author":[{"embeddable":true,"href":"https:\/\/prowohnen-ml.de\/index.php\/wp-json\/wp\/v2\/users\/1"}],"replies":[{"embeddable":true,"href":"https:\/\/prowohnen-ml.de\/index.php\/wp-json\/wp\/v2\/comments?post=60"}],"version-history":[{"count":25,"href":"https:\/\/prowohnen-ml.de\/index.php\/wp-json\/wp\/v2\/pages\/60\/revisions"}],"predecessor-version":[{"id":2247,"href":"https:\/\/prowohnen-ml.de\/index.php\/wp-json\/wp\/v2\/pages\/60\/revisions\/2247"}],"wp:attachment":[{"href":"https:\/\/prowohnen-ml.de\/index.php\/wp-json\/wp\/v2\/media?parent=60"}],"curies":[{"name":"wp","href":"https:\/\/api.w.org\/{rel}","templated":true}]}}