{"id":1689,"date":"2025-02-11T15:05:55","date_gmt":"2025-02-11T15:05:55","guid":{"rendered":"https:\/\/prowohnen-ml.de\/staging\/?page_id=1689"},"modified":"2025-11-14T09:49:54","modified_gmt":"2025-11-14T09:49:54","slug":"immobilienvermittlung","status":"publish","type":"page","link":"https:\/\/prowohnen-ml.de\/index.php\/immobilienvermittlung\/","title":{"rendered":"immobilienvermittlung\u200b\u200b"},"content":{"rendered":"\t\t<div data-elementor-type=\"wp-page\" data-elementor-id=\"1689\" class=\"elementor elementor-1689\" data-elementor-post-type=\"page\">\n\t\t\t\t\t\t<section class=\"elementor-section elementor-top-section elementor-element elementor-element-899842b elementor-section-height-min-height elementor-section-boxed elementor-section-height-default elementor-section-items-middle\" data-id=\"899842b\" data-element_type=\"section\" data-e-type=\"section\" data-settings=\"{&quot;background_background&quot;:&quot;classic&quot;}\">\n\t\t\t\t\t\t<div class=\"elementor-container elementor-column-gap-default\">\n\t\t\t\t\t<div class=\"elementor-column elementor-col-100 elementor-top-column elementor-element elementor-element-0fd2096\" data-id=\"0fd2096\" data-element_type=\"column\" data-e-type=\"column\">\n\t\t\t<div class=\"elementor-widget-wrap elementor-element-populated\">\n\t\t\t\t\t\t<div class=\"elementor-element elementor-element-ceb9929 elementor-widget elementor-widget-heading\" data-id=\"ceb9929\" data-element_type=\"widget\" data-e-type=\"widget\" data-widget_type=\"heading.default\">\n\t\t\t\t<div class=\"elementor-widget-container\">\n\t\t\t\t\t<h2 class=\"elementor-heading-title elementor-size-default\">immobilienvermittlung\u200b<\/h2>\t\t\t\t<\/div>\n\t\t\t\t<\/div>\n\t\t\t\t\t<\/div>\n\t\t<\/div>\n\t\t\t\t\t<\/div>\n\t\t<\/section>\n\t\t\t\t<section class=\"elementor-section elementor-top-section elementor-element elementor-element-3f643be elementor-section-boxed elementor-section-height-default elementor-section-height-default\" data-id=\"3f643be\" data-element_type=\"section\" data-e-type=\"section\">\n\t\t\t\t\t\t<div class=\"elementor-container elementor-column-gap-default\">\n\t\t\t\t\t<div class=\"elementor-column elementor-col-100 elementor-top-column elementor-element elementor-element-755dabe\" data-id=\"755dabe\" data-element_type=\"column\" data-e-type=\"column\">\n\t\t\t<div class=\"elementor-widget-wrap elementor-element-populated\">\n\t\t\t\t<div class=\"elementor-element elementor-element-46cd017 e-flex e-con-boxed e-con e-parent\" data-id=\"46cd017\" data-element_type=\"container\" data-e-type=\"container\">\n\t\t\t\t\t<div class=\"e-con-inner\">\n\t\t<div class=\"elementor-element elementor-element-11afd39 e-grid e-con-full e-con e-child\" data-id=\"11afd39\" data-element_type=\"container\" data-e-type=\"container\">\n\t\t\t\t<div class=\"elementor-element elementor-element-15c048d elementor-widget elementor-widget-image\" data-id=\"15c048d\" data-element_type=\"widget\" data-e-type=\"widget\" data-widget_type=\"image.default\">\n\t\t\t\t<div class=\"elementor-widget-container\">\n\t\t\t\t\t\t\t\t\t\t\t\t\t\t\t\t<a href=\"https:\/\/prowohnen-ml.de\/wp-content\/uploads\/2025\/11\/Zertifikat1.webp\" data-elementor-open-lightbox=\"yes\" data-elementor-lightbox-title=\"Zertifikat1\" data-e-action-hash=\"#elementor-action%3Aaction%3Dlightbox%26settings%3DeyJpZCI6MjQzNiwidXJsIjoiaHR0cHM6XC9cL3Byb3dvaG5lbi1tbC5kZVwvd3AtY29udGVudFwvdXBsb2Fkc1wvMjAyNVwvMTFcL1plcnRpZmlrYXQxLndlYnAifQ%3D%3D\">\n\t\t\t\t\t\t\t<img fetchpriority=\"high\" decoding=\"async\" width=\"724\" height=\"1024\" src=\"https:\/\/prowohnen-ml.de\/wp-content\/uploads\/2025\/11\/Zertifikat1-724x1024.webp\" class=\"attachment-large size-large wp-image-2436\" alt=\"\" srcset=\"https:\/\/prowohnen-ml.de\/wp-content\/uploads\/2025\/11\/Zertifikat1-724x1024.webp 724w, https:\/\/prowohnen-ml.de\/wp-content\/uploads\/2025\/11\/Zertifikat1-212x300.webp 212w, https:\/\/prowohnen-ml.de\/wp-content\/uploads\/2025\/11\/Zertifikat1-768x1086.webp 768w, https:\/\/prowohnen-ml.de\/wp-content\/uploads\/2025\/11\/Zertifikat1-1086x1536.webp 1086w, https:\/\/prowohnen-ml.de\/wp-content\/uploads\/2025\/11\/Zertifikat1-1449x2048.webp 1449w, https:\/\/prowohnen-ml.de\/wp-content\/uploads\/2025\/11\/Zertifikat1-1320x1866.webp 1320w, https:\/\/prowohnen-ml.de\/wp-content\/uploads\/2025\/11\/Zertifikat1.webp 1600w\" sizes=\"(max-width: 724px) 100vw, 724px\" title=\"\">\t\t\t\t\t\t\t\t<\/a>\n\t\t\t\t\t\t\t\t\t\t\t\t\t\t\t<\/div>\n\t\t\t\t<\/div>\n\t\t\t\t<div class=\"elementor-element elementor-element-8d03321 elementor-widget elementor-widget-image\" data-id=\"8d03321\" data-element_type=\"widget\" data-e-type=\"widget\" data-widget_type=\"image.default\">\n\t\t\t\t<div class=\"elementor-widget-container\">\n\t\t\t\t\t\t\t\t\t\t\t\t\t\t\t<img decoding=\"async\" width=\"444\" height=\"443\" src=\"https:\/\/prowohnen-ml.de\/wp-content\/uploads\/2025\/11\/logo_marktwert_makler_3122012.jpg\" class=\"attachment-large size-large wp-image-2437\" alt=\"\" srcset=\"https:\/\/prowohnen-ml.de\/wp-content\/uploads\/2025\/11\/logo_marktwert_makler_3122012.jpg 444w, https:\/\/prowohnen-ml.de\/wp-content\/uploads\/2025\/11\/logo_marktwert_makler_3122012-300x300.jpg 300w, https:\/\/prowohnen-ml.de\/wp-content\/uploads\/2025\/11\/logo_marktwert_makler_3122012-150x150.jpg 150w\" sizes=\"(max-width: 444px) 100vw, 444px\" title=\"\">\t\t\t\t\t\t\t\t\t\t\t\t\t\t\t<\/div>\n\t\t\t\t<\/div>\n\t\t\t\t<\/div>\n\t\t\t\t\t<\/div>\n\t\t\t\t<\/div>\n\t\t\t\t<div class=\"elementor-element elementor-element-8da0b35 elementor-widget elementor-widget-text-editor\" data-id=\"8da0b35\" data-element_type=\"widget\" data-e-type=\"widget\" data-widget_type=\"text-editor.default\">\n\t\t\t\t<div class=\"elementor-widget-container\">\n\t\t\t\t\t\t\t\t\t<p data-start=\"0\" data-end=\"305\">Planen Sie in eine altersgerechte Immobilie zu investieren? M\u00f6chten Sie mit einem unserer erfahrenen Partner Ihr Wunschhaus neu errichten oder bevorzugen Sie den Kauf einer Bestandsimmobilie? Oder stehen Sie vor der Entscheidung, den Wert Ihrer Immobilie zu ermitteln und eventuell Ihr Haus zu verkaufen?<\/p><p data-start=\"307\" data-end=\"353\"><strong data-start=\"307\" data-end=\"353\">Ihr kompetenter Partner rund um Immobilien<\/strong><\/p><p data-start=\"355\" data-end=\"672\">Als lokal verankertes und hervorragend vernetztes Unternehmen stehen wir Ihnen mit langj\u00e4hriger Erfahrung diskret und zuverl\u00e4ssig zur Seite. Wir sind Ihr pers\u00f6nlicher Ansprechpartner und begleiten Sie ganzheitlich in allen Fragen rund um Immobilien \u2013 von der ersten Planung bis zum erfolgreichen Abschluss.<\/p><p data-start=\"674\" data-end=\"722\"><strong data-start=\"674\" data-end=\"722\">Unser umfassendes Leistungsspektrum f\u00fcr Sie:<\/strong><\/p><ul data-start=\"724\" data-end=\"1739\"><li data-start=\"724\" data-end=\"886\"><strong data-start=\"726\" data-end=\"772\">Finanzierung, Umbau, Renovierung &amp; Abriss:<\/strong> Wir unterst\u00fctzen Sie gemeinsam mit unseren spezialisierten Partnern in allen finanziellen und baulichen Belangen.<\/li><li data-start=\"887\" data-end=\"1053\"><strong data-start=\"889\" data-end=\"925\">Kostenfreie Immobilienbewertung:<\/strong> Erhalten Sie eine professionelle Einsch\u00e4tzung des Marktwerts Ihrer Immobilie \u2013 selbstverst\u00e4ndlich unverbindlich und kostenfrei.<\/li><li data-start=\"1054\" data-end=\"1210\"><strong data-start=\"1056\" data-end=\"1094\">Individuelles Nachnutzungskonzept:<\/strong> Wir entwickeln ein ma\u00dfgeschneidertes Konzept f\u00fcr die optimale Nutzung Ihrer Immobilie.<\/li><li data-start=\"1211\" data-end=\"1391\"><strong data-start=\"1213\" data-end=\"1248\">Strategischer Verkaufszeitplan:<\/strong> Planen Sie den Erwerb einer neuen Immobilie? Wir erstellen einen durchdachten Zeitplan, der den \u00dcbergang so reibungslos wie m\u00f6glich gestaltet.<\/li><li data-start=\"1392\" data-end=\"1583\"><strong data-start=\"1394\" data-end=\"1441\">Zwischenfinanzierung &amp; F\u00f6rderm\u00f6glichkeiten:<\/strong> Gemeinsam mit unseren Partnern pr\u00fcfen wir M\u00f6glichkeiten f\u00fcr eine flexible Zwischenfinanzierung,\u00a0zeigen Ihnen passende F\u00f6rderprogramme und unterst\u00fctzen Sie auf Wunsch bei der Antragstellung.<\/li><li data-start=\"1584\" data-end=\"1739\"><strong data-start=\"1586\" data-end=\"1615\">Gezielte K\u00e4uferansprache:<\/strong> \u00dcber klassische Immobilienportale hinaus erreichen wir potenzielle K\u00e4ufer \u2013 f\u00fcr eine schnelle und erfolgreiche Vermittlung.<\/li><\/ul><p data-start=\"1741\" data-end=\"1908\" data-is-last-node=\"\">Vertrauen Sie auf unsere Expertise und lassen Sie uns gemeinsam Ihre Immobilienw\u00fcnsche verwirklichen. Kontaktieren Sie uns noch heute f\u00fcr eine unverbindliche Beratung!<\/p>\t\t\t\t\t\t\t\t<\/div>\n\t\t\t\t<\/div>\n\t\t\t\t<section class=\"elementor-section elementor-inner-section elementor-element elementor-element-d1dc2ec elementor-section-boxed elementor-section-height-default elementor-section-height-default\" data-id=\"d1dc2ec\" data-element_type=\"section\" data-e-type=\"section\">\n\t\t\t\t\t\t<div class=\"elementor-container elementor-column-gap-default\">\n\t\t\t\t\t<div class=\"elementor-column elementor-col-50 elementor-inner-column elementor-element elementor-element-e9eb8bf\" data-id=\"e9eb8bf\" data-element_type=\"column\" data-e-type=\"column\">\n\t\t\t<div class=\"elementor-widget-wrap elementor-element-populated\">\n\t\t\t\t\t\t<div class=\"elementor-element elementor-element-3a51fc0 elementor-position-top elementor-invisible elementor-widget elementor-widget-image-box\" data-id=\"3a51fc0\" data-element_type=\"widget\" data-e-type=\"widget\" data-settings=\"{&quot;_animation&quot;:&quot;fadeInUp&quot;}\" data-widget_type=\"image-box.default\">\n\t\t\t\t<div class=\"elementor-widget-container\">\n\t\t\t\t\t<div class=\"elementor-image-box-wrapper\"><figure class=\"elementor-image-box-img\"><img decoding=\"async\" width=\"393\" height=\"392\" src=\"https:\/\/prowohnen-ml.de\/wp-content\/uploads\/2022\/09\/svgviewer-png-output-12.png\" class=\"elementor-animation-grow attachment-full size-full wp-image-83\" alt=\"\" title=\"\" srcset=\"https:\/\/prowohnen-ml.de\/wp-content\/uploads\/2022\/09\/svgviewer-png-output-12.png 393w, https:\/\/prowohnen-ml.de\/wp-content\/uploads\/2022\/09\/svgviewer-png-output-12-300x300.png 300w, https:\/\/prowohnen-ml.de\/wp-content\/uploads\/2022\/09\/svgviewer-png-output-12-150x150.png 150w\" sizes=\"(max-width: 393px) 100vw, 393px\" \/><\/figure><div class=\"elementor-image-box-content\"><h3 class=\"elementor-image-box-title\">Umfangreiche Expertise im Immobilienmarkt<\/h3><\/div><\/div>\t\t\t\t<\/div>\n\t\t\t\t<\/div>\n\t\t\t\t\t<\/div>\n\t\t<\/div>\n\t\t\t\t<div class=\"elementor-column elementor-col-50 elementor-inner-column elementor-element elementor-element-12c34d8\" data-id=\"12c34d8\" data-element_type=\"column\" data-e-type=\"column\">\n\t\t\t<div class=\"elementor-widget-wrap elementor-element-populated\">\n\t\t\t\t\t\t<div class=\"elementor-element elementor-element-3644283 elementor-position-top elementor-invisible elementor-widget elementor-widget-image-box\" data-id=\"3644283\" data-element_type=\"widget\" data-e-type=\"widget\" data-settings=\"{&quot;_animation&quot;:&quot;fadeInUp&quot;}\" data-widget_type=\"image-box.default\">\n\t\t\t\t<div class=\"elementor-widget-container\">\n\t\t\t\t\t<div class=\"elementor-image-box-wrapper\"><figure class=\"elementor-image-box-img\"><img loading=\"lazy\" decoding=\"async\" width=\"395\" height=\"398\" src=\"https:\/\/prowohnen-ml.de\/wp-content\/uploads\/2022\/09\/svgviewer-png-output-13.png\" class=\"elementor-animation-grow attachment-full size-full wp-image-84\" alt=\"\" title=\"\" srcset=\"https:\/\/prowohnen-ml.de\/wp-content\/uploads\/2022\/09\/svgviewer-png-output-13.png 395w, https:\/\/prowohnen-ml.de\/wp-content\/uploads\/2022\/09\/svgviewer-png-output-13-298x300.png 298w, https:\/\/prowohnen-ml.de\/wp-content\/uploads\/2022\/09\/svgviewer-png-output-13-150x150.png 150w\" sizes=\"(max-width: 395px) 100vw, 395px\" \/><\/figure><div class=\"elementor-image-box-content\"><h3 class=\"elementor-image-box-title\">Spezialisierung beim Verkauf von Wohnformen im Alter<\/h3><\/div><\/div>\t\t\t\t<\/div>\n\t\t\t\t<\/div>\n\t\t\t\t\t<\/div>\n\t\t<\/div>\n\t\t\t\t\t<\/div>\n\t\t<\/section>\n\t\t\t\t<section class=\"elementor-section elementor-inner-section elementor-element elementor-element-5ce190f elementor-section-boxed elementor-section-height-default elementor-section-height-default\" data-id=\"5ce190f\" data-element_type=\"section\" data-e-type=\"section\">\n\t\t\t\t\t\t<div class=\"elementor-container elementor-column-gap-default\">\n\t\t\t\t\t<div class=\"elementor-column elementor-col-50 elementor-inner-column elementor-element elementor-element-c9cc374\" data-id=\"c9cc374\" data-element_type=\"column\" data-e-type=\"column\">\n\t\t\t<div class=\"elementor-widget-wrap elementor-element-populated\">\n\t\t\t\t\t\t<div class=\"elementor-element elementor-element-dc90729 elementor-position-top elementor-invisible elementor-widget elementor-widget-image-box\" data-id=\"dc90729\" data-element_type=\"widget\" data-e-type=\"widget\" data-settings=\"{&quot;_animation&quot;:&quot;fadeInUp&quot;}\" data-widget_type=\"image-box.default\">\n\t\t\t\t<div class=\"elementor-widget-container\">\n\t\t\t\t\t<div class=\"elementor-image-box-wrapper\"><figure class=\"elementor-image-box-img\"><img loading=\"lazy\" decoding=\"async\" width=\"387\" height=\"391\" src=\"https:\/\/prowohnen-ml.de\/wp-content\/uploads\/2022\/09\/svgviewer-png-output-14.png\" class=\"elementor-animation-grow attachment-full size-full wp-image-85\" alt=\"\" title=\"\" srcset=\"https:\/\/prowohnen-ml.de\/wp-content\/uploads\/2022\/09\/svgviewer-png-output-14.png 387w, https:\/\/prowohnen-ml.de\/wp-content\/uploads\/2022\/09\/svgviewer-png-output-14-297x300.png 297w\" sizes=\"(max-width: 387px) 100vw, 387px\" \/><\/figure><div class=\"elementor-image-box-content\"><h3 class=\"elementor-image-box-title\">diverse Finanzierungspartner als Kooperationspartner<\/h3><\/div><\/div>\t\t\t\t<\/div>\n\t\t\t\t<\/div>\n\t\t\t\t\t<\/div>\n\t\t<\/div>\n\t\t\t\t<div class=\"elementor-column elementor-col-50 elementor-inner-column elementor-element elementor-element-a896b77\" data-id=\"a896b77\" data-element_type=\"column\" data-e-type=\"column\">\n\t\t\t<div class=\"elementor-widget-wrap elementor-element-populated\">\n\t\t\t\t\t\t<div class=\"elementor-element elementor-element-0e9abef elementor-position-top elementor-invisible elementor-widget elementor-widget-image-box\" data-id=\"0e9abef\" data-element_type=\"widget\" data-e-type=\"widget\" data-settings=\"{&quot;_animation&quot;:&quot;fadeInUp&quot;}\" data-widget_type=\"image-box.default\">\n\t\t\t\t<div class=\"elementor-widget-container\">\n\t\t\t\t\t<div class=\"elementor-image-box-wrapper\"><figure class=\"elementor-image-box-img\"><img loading=\"lazy\" decoding=\"async\" width=\"394\" height=\"391\" src=\"https:\/\/prowohnen-ml.de\/wp-content\/uploads\/2022\/09\/svgviewer-png-output-15.png\" class=\"elementor-animation-grow attachment-full size-full wp-image-86\" alt=\"\" title=\"\" srcset=\"https:\/\/prowohnen-ml.de\/wp-content\/uploads\/2022\/09\/svgviewer-png-output-15.png 394w, https:\/\/prowohnen-ml.de\/wp-content\/uploads\/2022\/09\/svgviewer-png-output-15-300x298.png 300w, https:\/\/prowohnen-ml.de\/wp-content\/uploads\/2022\/09\/svgviewer-png-output-15-150x150.png 150w\" sizes=\"(max-width: 394px) 100vw, 394px\" \/><\/figure><div class=\"elementor-image-box-content\"><h3 class=\"elementor-image-box-title\">Beratung \u00fcber F\u00f6rdermittel<\/h3><\/div><\/div>\t\t\t\t<\/div>\n\t\t\t\t<\/div>\n\t\t\t\t\t<\/div>\n\t\t<\/div>\n\t\t\t\t\t<\/div>\n\t\t<\/section>\n\t\t\t\t\t<\/div>\n\t\t<\/div>\n\t\t\t\t\t<\/div>\n\t\t<\/section>\n\t\t\t\t<section class=\"premium-parallax-section-hide elementor-section elementor-top-section elementor-element elementor-element-86d9841 elementor-section-height-min-height premium-parallax-yes elementor-section-boxed elementor-section-height-default elementor-section-items-middle\" data-pa-parallax=\"{&quot;type&quot;:&quot;scroll&quot;,&quot;speed&quot;:&quot;&quot;,&quot;android&quot;:1,&quot;ios&quot;:1,&quot;size&quot;:&quot;cover&quot;,&quot;repeat&quot;:&quot;no-repeat&quot;}\" data-id=\"86d9841\" data-element_type=\"section\" data-e-type=\"section\" data-settings=\"{&quot;background_background&quot;:&quot;classic&quot;}\">\n\t\t\t\t\t\t\t<div class=\"elementor-background-overlay\"><\/div>\n\t\t\t\t\t\t\t<div class=\"elementor-container elementor-column-gap-default\">\n\t\t\t\t\t<div class=\"elementor-column elementor-col-100 elementor-top-column elementor-element elementor-element-3286462\" data-id=\"3286462\" data-element_type=\"column\" data-e-type=\"column\">\n\t\t\t<div class=\"elementor-widget-wrap elementor-element-populated\">\n\t\t\t\t\t\t<div class=\"elementor-element elementor-element-4e91815 elementor-widget elementor-widget-heading\" data-id=\"4e91815\" data-element_type=\"widget\" data-e-type=\"widget\" data-widget_type=\"heading.default\">\n\t\t\t\t<div class=\"elementor-widget-container\">\n\t\t\t\t\t<h2 class=\"elementor-heading-title elementor-size-default\">Sie interessieren sich f\u00fcr unsere Serviceleistungen?<br>\n\ufeffWir sind stets f\u00fcr Sie da!<\/h2>\t\t\t\t<\/div>\n\t\t\t\t<\/div>\n\t\t\t\t<div class=\"elementor-element elementor-element-14745ab elementor-align-center elementor-widget elementor-widget-button\" data-id=\"14745ab\" data-element_type=\"widget\" data-e-type=\"widget\" data-widget_type=\"button.default\">\n\t\t\t\t<div class=\"elementor-widget-container\">\n\t\t\t\t\t\t\t\t\t<div class=\"elementor-button-wrapper\">\n\t\t\t\t\t<a class=\"elementor-button elementor-button-link elementor-size-sm\" href=\"https:\/\/prowohnen-ml.de\/index.php\/kontakt\/\">\n\t\t\t\t\t\t<span class=\"elementor-button-content-wrapper\">\n\t\t\t\t\t\t\t\t\t<span class=\"elementor-button-text\">Kontaktieren Sie uns<\/span>\n\t\t\t\t\t<\/span>\n\t\t\t\t\t<\/a>\n\t\t\t\t<\/div>\n\t\t\t\t\t\t\t\t<\/div>\n\t\t\t\t<\/div>\n\t\t\t\t\t<\/div>\n\t\t<\/div>\n\t\t\t\t\t<\/div>\n\t\t<\/section>\n\t\t\t\t<\/div>\n\t\t","protected":false},"excerpt":{"rendered":"<p>immobilienvermittlung\u200b Planen Sie in eine altersgerechte Immobilie zu investieren? M\u00f6chten Sie mit einem unserer erfahrenen Partner Ihr Wunschhaus neu errichten oder bevorzugen Sie den Kauf einer Bestandsimmobilie? Oder stehen Sie vor der Entscheidung, den Wert Ihrer Immobilie zu ermitteln und eventuell Ihr Haus zu verkaufen? Ihr kompetenter Partner rund um Immobilien Als lokal verankertes und [&hellip;]<\/p>\n","protected":false},"author":1,"featured_media":0,"parent":0,"menu_order":0,"comment_status":"closed","ping_status":"closed","template":"","meta":{"site-sidebar-layout":"no-sidebar","site-content-layout":"page-builder","ast-site-content-layout":"default","site-content-style":"default","site-sidebar-style":"default","ast-global-header-display":"","ast-banner-title-visibility":"","ast-main-header-display":"","ast-hfb-above-header-display":"","ast-hfb-below-header-display":"","ast-hfb-mobile-header-display":"","site-post-title":"disabled","ast-breadcrumbs-content":"","ast-featured-img":"disabled","footer-sml-layout":"","ast-disable-related-posts":"","theme-transparent-header-meta":"","adv-header-id-meta":"","stick-header-meta":"","header-above-stick-meta":"","header-main-stick-meta":"","header-below-stick-meta":"","astra-migrate-meta-layouts":"default","ast-page-background-enabled":"default","ast-page-background-meta":{"desktop":{"background-color":"var(--ast-global-color-4)","background-image":"","background-repeat":"repeat","background-position":"center center","background-size":"auto","background-attachment":"scroll","background-type":"","background-media":"","overlay-type":"","overlay-color":"","overlay-opacity":"","overlay-gradient":""},"tablet":{"background-color":"","background-image":"","background-repeat":"repeat","background-position":"center center","background-size":"auto","background-attachment":"scroll","background-type":"","background-media":"","overlay-type":"","overlay-color":"","overlay-opacity":"","overlay-gradient":""},"mobile":{"background-color":"","background-image":"","background-repeat":"repeat","background-position":"center center","background-size":"auto","background-attachment":"scroll","background-type":"","background-media":"","overlay-type":"","overlay-color":"","overlay-opacity":"","overlay-gradient":""}},"ast-content-background-meta":{"desktop":{"background-color":"var(--ast-global-color-5)","background-image":"","background-repeat":"repeat","background-position":"center center","background-size":"auto","background-attachment":"scroll","background-type":"","background-media":"","overlay-type":"","overlay-color":"","overlay-opacity":"","overlay-gradient":""},"tablet":{"background-color":"var(--ast-global-color-5)","background-image":"","background-repeat":"repeat","background-position":"center center","background-size":"auto","background-attachment":"scroll","background-type":"","background-media":"","overlay-type":"","overlay-color":"","overlay-opacity":"","overlay-gradient":""},"mobile":{"background-color":"var(--ast-global-color-5)","background-image":"","background-repeat":"repeat","background-position":"center center","background-size":"auto","background-attachment":"scroll","background-type":"","background-media":"","overlay-type":"","overlay-color":"","overlay-opacity":"","overlay-gradient":""}},"footnotes":""},"class_list":["post-1689","page","type-page","status-publish","hentry"],"_links":{"self":[{"href":"https:\/\/prowohnen-ml.de\/index.php\/wp-json\/wp\/v2\/pages\/1689","targetHints":{"allow":["GET"]}}],"collection":[{"href":"https:\/\/prowohnen-ml.de\/index.php\/wp-json\/wp\/v2\/pages"}],"about":[{"href":"https:\/\/prowohnen-ml.de\/index.php\/wp-json\/wp\/v2\/types\/page"}],"author":[{"embeddable":true,"href":"https:\/\/prowohnen-ml.de\/index.php\/wp-json\/wp\/v2\/users\/1"}],"replies":[{"embeddable":true,"href":"https:\/\/prowohnen-ml.de\/index.php\/wp-json\/wp\/v2\/comments?post=1689"}],"version-history":[{"count":35,"href":"https:\/\/prowohnen-ml.de\/index.php\/wp-json\/wp\/v2\/pages\/1689\/revisions"}],"predecessor-version":[{"id":2447,"href":"https:\/\/prowohnen-ml.de\/index.php\/wp-json\/wp\/v2\/pages\/1689\/revisions\/2447"}],"wp:attachment":[{"href":"https:\/\/prowohnen-ml.de\/index.php\/wp-json\/wp\/v2\/media?parent=1689"}],"curies":[{"name":"wp","href":"https:\/\/api.w.org\/{rel}","templated":true}]}}